{"id":532,"date":"2010-12-10T09:34:22","date_gmt":"2010-12-10T09:34:22","guid":{"rendered":"http:\/\/www.mgv-concordia-nw.de\/"},"modified":"2020-02-26T08:35:54","modified_gmt":"2020-02-26T08:35:54","slug":"waldfest","status":"publish","type":"page","link":"https:\/\/www.mgv-concordia-nw.de\/?page_id=532","title":{"rendered":"Waldfest"},"content":{"rendered":"<h3 style=\"text-align: justify;\"><strong>Wie die Neckarwimmersbacher zu Ihrem Waldfest kamen&#8230;<\/strong><\/h3>\n<figure id=\"attachment_541\" aria-describedby=\"caption-attachment-541\" style=\"width: 340px\" class=\"wp-caption alignleft\"><a href=\"https:\/\/www.mgv-concordia-nw.de\/vereinsgeschichte\/waldfest\/kirchel-anfang1_web\/\" rel=\"attachment wp-att-541\"><img loading=\"lazy\" decoding=\"async\" class=\"size-medium wp-image-541 \" title=\"Der Anfang des Waldfestes am Kirchel\" src=\"https:\/\/www.mgv-concordia-nw.de\/wordpress\/wp-content\/uploads\/2010\/12\/Kirchel-Anfang1_web-340x243.jpg\" alt=\"Der Anfang des Waldfestes am Kirchel\" width=\"340\" height=\"243\" srcset=\"https:\/\/www.mgv-concordia-nw.de\/wordpress\/wp-content\/uploads\/2010\/12\/Kirchel-Anfang1_web-340x243.jpg 340w, https:\/\/www.mgv-concordia-nw.de\/wordpress\/wp-content\/uploads\/2010\/12\/Kirchel-Anfang1_web-740x529.jpg 740w, https:\/\/www.mgv-concordia-nw.de\/wordpress\/wp-content\/uploads\/2010\/12\/Kirchel-Anfang1_web.jpg 1000w\" sizes=\"auto, (max-width: 340px) 100vw, 340px\" \/><\/a><figcaption id=\"caption-attachment-541\" class=\"wp-caption-text\">Der Anfang des Waldfestes am Kirchel<\/figcaption><\/figure>\n<p style=\"text-align: justify;\">Es begann alles damit als ,1953 am Himmelfahrtstag, sich die S\u00e4nger und ihre Familien zu einem gem\u00fctlichen Grillnachmittag am Kirchel im Eberbacher Wald trafen.<br \/>\nAls&nbsp; vorbeikommende Wanderer bei den S\u00e4ngern nach Essen und Getr\u00e4nke nachfragten wurde wahrscheinlich aus einer Bierlaune heraus diese Idee entwickelt jedes Jahr ein Fest am Kirchel zu veranstalten&#8220;.<br \/>\nUnd so wurde das &#8222;Waldfest am Kirchel&#8220; ins Leben gerufen&#8230;<\/p>\n<figure id=\"attachment_542\" aria-describedby=\"caption-attachment-542\" style=\"width: 340px\" class=\"wp-caption alignleft\"><a href=\"https:\/\/www.mgv-concordia-nw.de\/vereinsgeschichte\/waldfest\/kirchel-anfang-2_web\/\" rel=\"attachment wp-att-542\"><img loading=\"lazy\" decoding=\"async\" class=\"size-medium wp-image-542 \" title=\"Das Waldfest in den Anfangsjahren\" src=\"https:\/\/www.mgv-concordia-nw.de\/wordpress\/wp-content\/uploads\/2010\/12\/Kirchel-Anfang-2_web--340x231.jpg\" alt=\"Das Waldfest in den Anfangsjahren\" width=\"340\" height=\"231\" srcset=\"https:\/\/www.mgv-concordia-nw.de\/wordpress\/wp-content\/uploads\/2010\/12\/Kirchel-Anfang-2_web--340x231.jpg 340w, https:\/\/www.mgv-concordia-nw.de\/wordpress\/wp-content\/uploads\/2010\/12\/Kirchel-Anfang-2_web--740x503.jpg 740w, https:\/\/www.mgv-concordia-nw.de\/wordpress\/wp-content\/uploads\/2010\/12\/Kirchel-Anfang-2_web-.jpg 1000w\" sizes=\"auto, (max-width: 340px) 100vw, 340px\" \/><\/a><figcaption id=\"caption-attachment-542\" class=\"wp-caption-text\">Das Waldfest in den Anfangsjahren<\/figcaption><\/figure>\n<p style=\"text-align: justify;\">Von Jahr zu Jahr wurde das &#8222;Waldfest am Kirchel&#8220; gr\u00f6\u00dfer, bekannter. und professioneller. Anfangs spielte die Katholische Musikkapelle der Pfarrgemeinde Eberbach und sp\u00e4ter die Musikkapelle Michelbach, die fast 20 Jahre lang bei dieser Veranstaltung zur Unterhaltung beitrug.<\/p>\n<figure id=\"attachment_549\" aria-describedby=\"caption-attachment-549\" style=\"width: 340px\" class=\"wp-caption alignleft\"><a href=\"https:\/\/www.mgv-concordia-nw.de\/vereinsgeschichte\/waldfest\/kirchel-neu-4_web\/\" rel=\"attachment wp-att-549\"><img loading=\"lazy\" decoding=\"async\" class=\"size-medium wp-image-549\" title=\"\u00d6kumenischer Gottesdienst am Kirchel in den 1980er Jahren\" src=\"https:\/\/www.mgv-concordia-nw.de\/wordpress\/wp-content\/uploads\/2010\/12\/Kirchel-neu-4_web-340x225.jpg\" alt=\"\u00d6kumenischer Gottesdienst am Kirchel in den 1980er Jahren\" width=\"340\" height=\"225\" srcset=\"https:\/\/www.mgv-concordia-nw.de\/wordpress\/wp-content\/uploads\/2010\/12\/Kirchel-neu-4_web-340x225.jpg 340w, https:\/\/www.mgv-concordia-nw.de\/wordpress\/wp-content\/uploads\/2010\/12\/Kirchel-neu-4_web-740x491.jpg 740w, https:\/\/www.mgv-concordia-nw.de\/wordpress\/wp-content\/uploads\/2010\/12\/Kirchel-neu-4_web.jpg 1000w\" sizes=\"auto, (max-width: 340px) 100vw, 340px\" \/><\/a><figcaption id=\"caption-attachment-549\" class=\"wp-caption-text\">\u00d6kumenischer Gottesdienst am Kirchel in den 1980er Jahren<\/figcaption><\/figure>\n<p style=\"text-align: justify;\">Mitte der 70iger Jahre begann das Waldfest mit einem \u00f6kumenischen Gottesdienst im Kirchel. Auch wurde an diesem Tage eine feste Busverbindung von Eberbach zum Kirchel eingerichtet.<\/p>\n<figure id=\"attachment_550\" aria-describedby=\"caption-attachment-550\" style=\"width: 340px\" class=\"wp-caption alignleft\"><a href=\"https:\/\/www.mgv-concordia-nw.de\/vereinsgeschichte\/waldfest\/mgv-waldfest-2009-02-113_web\/\" rel=\"attachment wp-att-550\"><img loading=\"lazy\" decoding=\"async\" class=\"size-medium wp-image-550\" title=\"MGV Waldfest 2009 an der Concordia H\u00fctte\" src=\"https:\/\/www.mgv-concordia-nw.de\/wordpress\/wp-content\/uploads\/2010\/12\/MGV-Waldfest-2009-02-113_web-340x221.jpg\" alt=\"MGV Waldfest 2009 an der Concordia H\u00fctte\" width=\"340\" height=\"221\" srcset=\"https:\/\/www.mgv-concordia-nw.de\/wordpress\/wp-content\/uploads\/2010\/12\/MGV-Waldfest-2009-02-113_web-340x221.jpg 340w, https:\/\/www.mgv-concordia-nw.de\/wordpress\/wp-content\/uploads\/2010\/12\/MGV-Waldfest-2009-02-113_web-740x481.jpg 740w, https:\/\/www.mgv-concordia-nw.de\/wordpress\/wp-content\/uploads\/2010\/12\/MGV-Waldfest-2009-02-113_web.jpg 1000w\" sizes=\"auto, (max-width: 340px) 100vw, 340px\" \/><\/a><figcaption id=\"caption-attachment-550\" class=\"wp-caption-text\">MGV Waldfest 2009 an der Concordia H\u00fctte<\/figcaption><\/figure>\n<p style=\"text-align: justify;\">Die Pr\u00e4sentation des Festes wurde immer besser, aber auch immer arbeitsintensiver. Hinter den Verkaufsst\u00e4nden mussten alle zupacken, damit der Besucherandrang, der in manchem Jahr die Tausendermarke erheblich \u00fcberschritt, versorgt werden konnten.<br \/>\nDas Sortiment an Essen und Getr\u00e4nken wurde immer reichhaltiger. Nach Anfangs Bratwurst und Bier, gibt es heutzutage alles was das Schleckermaul sich w\u00fcnscht. Sogar bis zu einem reichhaltigen Kuchenbuffet und Kaffee wurde gesorgt.<\/p>\n<p style=\"text-align: justify;\">Das Waldfest ist bis ins Jahr 2006 traditionell am Kirchel veranstaltet worden. Im Jahr 2007 wurde das Waldfest an die vereinseigene Concordia H\u00fctte verlegt.<br \/>\nDer Grund hierf\u00fcr war eine Arbeitserleichterung f\u00fcr die gesamten Helfer und wirtschaftliche Gr\u00fcnde f\u00fcr den Verein, da s\u00e4mtliche Utensilien die man ben\u00f6tigte, alle in der Concordia H\u00fctte gelagert wurden.<br \/>\nFast 60 Jahre nach dem &#8222;ersten&#8220; Waldfest am Kirchel ist das &#8222;Waldfest rund um die Concordia H\u00fctte&#8220; bei der Bev\u00f6lkerung etabliert und wurde f\u00fcr den Verein zu einem wirtschaftlich sehr wichtigen Ereignis im Jahr.<\/p>\n<p style=\"text-align: justify;\"><a title=\"zur Fotogalerie\" href=\"https:\/\/www.mgv-concordia-nw.de\/fotogallerie\/waldfest\/\" target=\"_self\" rel=\"noopener noreferrer\">Mehr Fotos zum Waldfest sehen Sie in unserer Fotogalerie<\/a><\/p>\n","protected":false},"excerpt":{"rendered":"<p>Wie die Neckarwimmersbacher zu Ihrem Waldfest kamen&#8230; Es begann alles damit als ,1953 am Himmelfahrtstag, sich die S\u00e4nger und ihre Familien zu einem gem\u00fctlichen Grillnachmittag am Kirchel im Eberbacher Wald trafen. Als&nbsp; vorbeikommende Wanderer bei den S\u00e4ngern nach Essen und Getr\u00e4nke nachfragten wurde wahrscheinlich aus einer Bierlaune heraus diese Idee entwickelt jedes Jahr ein Fest [&hellip;]<\/p>\n","protected":false},"author":1,"featured_media":0,"parent":109,"menu_order":0,"comment_status":"closed","ping_status":"open","template":"","meta":{"ngg_post_thumbnail":0,"footnotes":""},"class_list":["post-532","page","type-page","status-publish","hentry"],"blocksy_meta":[],"_links":{"self":[{"href":"https:\/\/www.mgv-concordia-nw.de\/index.php?rest_route=\/wp\/v2\/pages\/532","targetHints":{"allow":["GET"]}}],"collection":[{"href":"https:\/\/www.mgv-concordia-nw.de\/index.php?rest_route=\/wp\/v2\/pages"}],"about":[{"href":"https:\/\/www.mgv-concordia-nw.de\/index.php?rest_route=\/wp\/v2\/types\/page"}],"author":[{"embeddable":true,"href":"https:\/\/www.mgv-concordia-nw.de\/index.php?rest_route=\/wp\/v2\/users\/1"}],"replies":[{"embeddable":true,"href":"https:\/\/www.mgv-concordia-nw.de\/index.php?rest_route=%2Fwp%2Fv2%2Fcomments&post=532"}],"version-history":[{"count":25,"href":"https:\/\/www.mgv-concordia-nw.de\/index.php?rest_route=\/wp\/v2\/pages\/532\/revisions"}],"predecessor-version":[{"id":1530,"href":"https:\/\/www.mgv-concordia-nw.de\/index.php?rest_route=\/wp\/v2\/pages\/532\/revisions\/1530"}],"up":[{"embeddable":true,"href":"https:\/\/www.mgv-concordia-nw.de\/index.php?rest_route=\/wp\/v2\/pages\/109"}],"wp:attachment":[{"href":"https:\/\/www.mgv-concordia-nw.de\/index.php?rest_route=%2Fwp%2Fv2%2Fmedia&parent=532"}],"curies":[{"name":"wp","href":"https:\/\/api.w.org\/{rel}","templated":true}]}}