{"id":494,"date":"2010-12-08T14:51:17","date_gmt":"2010-12-08T14:51:17","guid":{"rendered":"http:\/\/www.mgv-concordia-nw.de\/"},"modified":"2023-04-14T08:44:24","modified_gmt":"2023-04-14T08:44:24","slug":"waldfest","status":"publish","type":"page","link":"https:\/\/www.mgv-concordia-nw.de\/?page_id=494","title":{"rendered":"Waldfest"},"content":{"rendered":"<h3><strong>Waldfest rund um die Concordia H\u00fctte<\/strong><\/h3>\n<p>Das traditionelle Waldfest am Vatertag des MGV Concordia Neckarwimmersbach.<\/p>\n<p>Geboten werden neben einem morgendlichen Gottesdienst mitten im Wald den ganzen Tag Musik und Gute Laune.<br \/>\nNat\u00fcrlich gibt es die schon kultigen Zwiebelbr\u00f6tchen und sonstige Leckereien.<\/p>\n<figure id=\"attachment_497\" aria-describedby=\"caption-attachment-497\" style=\"width: 340px\" class=\"wp-caption alignnone\"><a href=\"https:\/\/www.mgv-concordia-nw.de\/wordpress\/wp-content\/uploads\/2010\/12\/Plakat-Waldfest_2011_Werbung_gross.jpg\"><img loading=\"lazy\" decoding=\"async\" class=\"size-medium wp-image-497 \" title=\"Waldfest_2011\" src=\"https:\/\/www.mgv-concordia-nw.de\/wordpress\/wp-content\/uploads\/2010\/12\/Plakat-Waldfest_2011_Werbung_gross-340x340.jpg\" alt=\"Waldfest_2011 rund um die Concordia H\u00fctte\" width=\"340\" height=\"340\" srcset=\"https:\/\/www.mgv-concordia-nw.de\/wordpress\/wp-content\/uploads\/2010\/12\/Plakat-Waldfest_2011_Werbung_gross-340x340.jpg 340w, https:\/\/www.mgv-concordia-nw.de\/wordpress\/wp-content\/uploads\/2010\/12\/Plakat-Waldfest_2011_Werbung_gross-120x120.jpg 120w, https:\/\/www.mgv-concordia-nw.de\/wordpress\/wp-content\/uploads\/2010\/12\/Plakat-Waldfest_2011_Werbung_gross-600x600.jpg 600w, https:\/\/www.mgv-concordia-nw.de\/wordpress\/wp-content\/uploads\/2010\/12\/Plakat-Waldfest_2011_Werbung_gross.jpg 1024w\" sizes=\"auto, (max-width: 340px) 100vw, 340px\" \/><\/a><figcaption id=\"caption-attachment-497\" class=\"wp-caption-text\">Plakat aus dem Jahr 2011 &#8211; Waldfest_2011 rund um die Concordia H\u00fctte<\/figcaption><\/figure>\n<p>Eingeladen sind alle die auf Ihrer Vatertagstour eine St\u00e4rkung brauchen oder einfach &#8222;nur&#8220; z\u00fcnftig mit der Familie einen sch\u00f6nen Tag im Wald verbringen m\u00f6chten.<\/p>\n","protected":false},"excerpt":{"rendered":"<p>Waldfest rund um die Concordia H\u00fctte Das traditionelle Waldfest am Vatertag des MGV Concordia Neckarwimmersbach. Geboten werden neben einem morgendlichen Gottesdienst mitten im Wald den ganzen Tag Musik und Gute Laune. Nat\u00fcrlich gibt es die schon kultigen Zwiebelbr\u00f6tchen und sonstige Leckereien. Eingeladen sind alle die auf Ihrer Vatertagstour eine St\u00e4rkung brauchen oder einfach &#8222;nur&#8220; z\u00fcnftig [&hellip;]<\/p>\n","protected":false},"author":1,"featured_media":0,"parent":0,"menu_order":0,"comment_status":"closed","ping_status":"open","template":"","meta":{"ngg_post_thumbnail":0,"footnotes":""},"class_list":["post-494","page","type-page","status-publish","hentry"],"blocksy_meta":[],"_links":{"self":[{"href":"https:\/\/www.mgv-concordia-nw.de\/index.php?rest_route=\/wp\/v2\/pages\/494","targetHints":{"allow":["GET"]}}],"collection":[{"href":"https:\/\/www.mgv-concordia-nw.de\/index.php?rest_route=\/wp\/v2\/pages"}],"about":[{"href":"https:\/\/www.mgv-concordia-nw.de\/index.php?rest_route=\/wp\/v2\/types\/page"}],"author":[{"embeddable":true,"href":"https:\/\/www.mgv-concordia-nw.de\/index.php?rest_route=\/wp\/v2\/users\/1"}],"replies":[{"embeddable":true,"href":"https:\/\/www.mgv-concordia-nw.de\/index.php?rest_route=%2Fwp%2Fv2%2Fcomments&post=494"}],"version-history":[{"count":10,"href":"https:\/\/www.mgv-concordia-nw.de\/index.php?rest_route=\/wp\/v2\/pages\/494\/revisions"}],"predecessor-version":[{"id":1635,"href":"https:\/\/www.mgv-concordia-nw.de\/index.php?rest_route=\/wp\/v2\/pages\/494\/revisions\/1635"}],"wp:attachment":[{"href":"https:\/\/www.mgv-concordia-nw.de\/index.php?rest_route=%2Fwp%2Fv2%2Fmedia&parent=494"}],"curies":[{"name":"wp","href":"https:\/\/api.w.org\/{rel}","templated":true}]}}