{"id":166,"date":"2010-12-01T19:00:36","date_gmt":"2010-12-01T19:00:36","guid":{"rendered":"http:\/\/www.mgv-concordia-nw.de\/wordpress\/"},"modified":"2026-03-09T17:03:54","modified_gmt":"2026-03-09T17:03:54","slug":"mitglied-werden","status":"publish","type":"page","link":"https:\/\/www.mgv-concordia-nw.de\/?page_id=166","title":{"rendered":"Mitglied werden"},"content":{"rendered":"<h3 style=\"text-align: justify;\"><strong>Werden Sie Mitglied beim MGV Concordia Eberbach-Neckarwimmersbach 1888 e.V.<\/strong><\/h3>\n<p style=\"text-align: justify;\">Vereine im allgemeinen sind ein wichtiges Bindeglied f\u00fcr die Integration der B\u00fcrger im Ort.<\/p>\n<p style=\"text-align: justify;\">Offenherzigkeit, Zusammengeh\u00f6rigkeit, Nachbarschaftshilfe und das Miteinander f\u00f6rdern die Lebensqualit\u00e4t innerhalb einer Gemeinde und haben in Neckarwimmersbach bis heute ihre G\u00fcltigkeit.<\/p>\n<p style=\"text-align: justify;\">Interesse? Das freut uns. Wenn Sie sich f\u00fcr eine Mitgliedschaft in unserem Verein entscheiden, bitten wir Sie, unsere Beitrittserkl\u00e4rung auszuf\u00fcllen.<\/p>\n<p style=\"text-align: justify;\">Bitte die ausgef\u00fcllte <a href=\"https:\/\/www.mgv-concordia-nw.de\/wordpress\/wp-content\/uploads\/2018\/04\/MGV-Concordia-Aufnahmeantrag-SEPA-incl.-Mandat.pdf\" target=\"_blank\" rel=\"noopener\">Beitritterklaerung<\/a> des MGV-Concordia Eberbach-Neckarwimmersbach 1888 e.V. an eine der folgenden Adressen senden.<\/p>\n<p style=\"text-align: justify;\"><strong>1. Vorstand<\/strong><br \/>\nKarlheinz Dir<br \/>\nFriedrich-Ebert-Stra\u00dfe 22<br \/>\n69412 Eberbach<br \/>\n06271-1876<\/p>\n<p style=\"text-align: justify;\"><strong>2. Vorstand<\/strong><br \/>\nEduard Kopka<br \/>\nTannenhalde 4<br \/>\n69412 Eberbach<br \/>\n06271-2844<\/p>\n<p style=\"text-align: justify;\"><strong>Schriftf\u00fchrer<\/strong><br \/>\nGerhard Beisel<br \/>\nSchwanheimer Stra\u00dfe 75a<br \/>\n69412 Eberbach<br \/>\n06271-5688<\/p>\n<p style=\"text-align: justify;\"><span style=\"color: #000000;\"><b>Kassier<\/b><\/span><br \/>\nGisela Malotke<br \/>\nIm Ruhbaum 33<br \/>\n69412 Eberbach<br \/>\n06271-72392<\/p>\n","protected":false},"excerpt":{"rendered":"<p>Werden Sie Mitglied beim MGV Concordia Eberbach-Neckarwimmersbach 1888 e.V. Vereine im allgemeinen sind ein wichtiges Bindeglied f\u00fcr die Integration der B\u00fcrger im Ort. Offenherzigkeit, Zusammengeh\u00f6rigkeit, Nachbarschaftshilfe und das Miteinander f\u00f6rdern die Lebensqualit\u00e4t innerhalb einer Gemeinde und haben in Neckarwimmersbach bis heute ihre G\u00fcltigkeit. Interesse? Das freut uns. Wenn Sie sich f\u00fcr eine Mitgliedschaft in unserem [&hellip;]<\/p>\n","protected":false},"author":1,"featured_media":0,"parent":0,"menu_order":5,"comment_status":"closed","ping_status":"open","template":"","meta":{"ngg_post_thumbnail":0,"footnotes":""},"class_list":["post-166","page","type-page","status-publish","hentry"],"blocksy_meta":[],"_links":{"self":[{"href":"https:\/\/www.mgv-concordia-nw.de\/index.php?rest_route=\/wp\/v2\/pages\/166","targetHints":{"allow":["GET"]}}],"collection":[{"href":"https:\/\/www.mgv-concordia-nw.de\/index.php?rest_route=\/wp\/v2\/pages"}],"about":[{"href":"https:\/\/www.mgv-concordia-nw.de\/index.php?rest_route=\/wp\/v2\/types\/page"}],"author":[{"embeddable":true,"href":"https:\/\/www.mgv-concordia-nw.de\/index.php?rest_route=\/wp\/v2\/users\/1"}],"replies":[{"embeddable":true,"href":"https:\/\/www.mgv-concordia-nw.de\/index.php?rest_route=%2Fwp%2Fv2%2Fcomments&post=166"}],"version-history":[{"count":24,"href":"https:\/\/www.mgv-concordia-nw.de\/index.php?rest_route=\/wp\/v2\/pages\/166\/revisions"}],"predecessor-version":[{"id":1843,"href":"https:\/\/www.mgv-concordia-nw.de\/index.php?rest_route=\/wp\/v2\/pages\/166\/revisions\/1843"}],"wp:attachment":[{"href":"https:\/\/www.mgv-concordia-nw.de\/index.php?rest_route=%2Fwp%2Fv2%2Fmedia&parent=166"}],"curies":[{"name":"wp","href":"https:\/\/api.w.org\/{rel}","templated":true}]}}