{"id":123,"date":"2010-12-01T17:43:19","date_gmt":"2010-12-01T17:43:19","guid":{"rendered":"http:\/\/www.mgv-concordia-nw.de\/wordpress\/"},"modified":"2018-04-07T14:16:43","modified_gmt":"2018-04-07T14:16:43","slug":"impressum","status":"publish","type":"page","link":"https:\/\/www.mgv-concordia-nw.de\/?page_id=123","title":{"rendered":"Impressum"},"content":{"rendered":"<h3 style=\"text-align: justify;\"><strong>M\u00e4nnergesangsverein Concordia Eberbach-Neckarwimmersbach 1888 e.V.<\/strong><\/h3>\n<p style=\"text-align: justify;\">Vertretung durch den 1. Vorstand Karlheinz Dir<br \/>\nFriedrich-Ebert-Stra\u00dfe 22<br \/>\n69412 Eberbach<br \/>\nTel. 06271-1876<\/p>\n<p style=\"text-align: justify;\">Amtsgericht Heidelberg, Vereinsregister Nr. 834<\/p>\n<p>Sparkasse Neckartal Odenwald<br \/>\nIBAN DE 02 6745 0048 0001 0028 49<br \/>\nBIC SOLADESIMOS<\/p>\n<p>Volksbank Neckartal eG<br \/>\nIBAN DE 18 6729 1700 0020 2435 03<br \/>\nBIC GENODE61NGD<\/p>\n<div style=\"text-align: justify;\">\n<p><strong>Haftungseinschr\u00e4nkungen:<\/strong><br \/>\nWir weisen ausdr\u00fccklich darauf hin, dass wir gewissenhaft unsere Links w\u00e4hlen. Trotzdem bleiben die Betreiber der verlinkten Seiten selbst f\u00fcr ihre Inhalte verantwortlich. Wir distanzieren uns ausdr\u00fccklich von Missbrauch dieser Medien!!<\/p>\n<\/div>\n<p style=\"text-align: justify;\"><span style=\"font-family: Verdana,Arial,Helvetica,sans-serif; color: #000000;\"><span style=\"font-family: Verdana,Arial,Helvetica,sans-serif; font-size: x-small;\"><br \/>\n<\/span><\/span><\/p>\n","protected":false},"excerpt":{"rendered":"<p>M\u00e4nnergesangsverein Concordia Eberbach-Neckarwimmersbach 1888 e.V. Vertretung durch den 1. Vorstand Karlheinz Dir Friedrich-Ebert-Stra\u00dfe 22 69412 Eberbach Tel. 06271-1876 Amtsgericht Heidelberg, Vereinsregister Nr. 834 Sparkasse Neckartal Odenwald IBAN DE 02 6745 0048 0001 0028 49 BIC SOLADESIMOS Volksbank Neckartal eG IBAN DE 18 6729 1700 0020 2435 03 BIC GENODE61NGD Haftungseinschr\u00e4nkungen: Wir weisen ausdr\u00fccklich darauf hin, [&hellip;]<\/p>\n","protected":false},"author":1,"featured_media":0,"parent":104,"menu_order":0,"comment_status":"closed","ping_status":"open","template":"","meta":{"ngg_post_thumbnail":0,"footnotes":""},"class_list":["post-123","page","type-page","status-publish","hentry"],"blocksy_meta":[],"_links":{"self":[{"href":"https:\/\/www.mgv-concordia-nw.de\/index.php?rest_route=\/wp\/v2\/pages\/123","targetHints":{"allow":["GET"]}}],"collection":[{"href":"https:\/\/www.mgv-concordia-nw.de\/index.php?rest_route=\/wp\/v2\/pages"}],"about":[{"href":"https:\/\/www.mgv-concordia-nw.de\/index.php?rest_route=\/wp\/v2\/types\/page"}],"author":[{"embeddable":true,"href":"https:\/\/www.mgv-concordia-nw.de\/index.php?rest_route=\/wp\/v2\/users\/1"}],"replies":[{"embeddable":true,"href":"https:\/\/www.mgv-concordia-nw.de\/index.php?rest_route=%2Fwp%2Fv2%2Fcomments&post=123"}],"version-history":[{"count":11,"href":"https:\/\/www.mgv-concordia-nw.de\/index.php?rest_route=\/wp\/v2\/pages\/123\/revisions"}],"predecessor-version":[{"id":1449,"href":"https:\/\/www.mgv-concordia-nw.de\/index.php?rest_route=\/wp\/v2\/pages\/123\/revisions\/1449"}],"up":[{"embeddable":true,"href":"https:\/\/www.mgv-concordia-nw.de\/index.php?rest_route=\/wp\/v2\/pages\/104"}],"wp:attachment":[{"href":"https:\/\/www.mgv-concordia-nw.de\/index.php?rest_route=%2Fwp%2Fv2%2Fmedia&parent=123"}],"curies":[{"name":"wp","href":"https:\/\/api.w.org\/{rel}","templated":true}]}}