{"id":109,"date":"2010-12-01T16:18:39","date_gmt":"2010-12-01T16:18:39","guid":{"rendered":"http:\/\/www.mgv-concordia-nw.de\/wordpress\/"},"modified":"2018-12-09T17:48:28","modified_gmt":"2018-12-09T17:48:28","slug":"vereinsgeschichte","status":"publish","type":"page","link":"https:\/\/www.mgv-concordia-nw.de\/?page_id=109","title":{"rendered":"Vereinsgeschichte"},"content":{"rendered":"<h3><strong>Aus der Chronik des M\u00e4nnergesangvereins \u201eConcordia\u201c 1888 Neckarwimmersbach<\/strong><\/h3>\n<p style=\"text-align: justify;\">Welches der Anlass war, dass im Jahr 1888 in einem Weiler am Neckar \u2013 genau gegen\u00fcber der Stadt Eberbach \u2013 ein M\u00e4nnergesangverein gegr\u00fcndet wurde, kann nicht erz\u00e4hlt werden, denn die \u00dcberlieferungen sind leider nicht mehr vorhanden. Dass Karl Salzmann \u2013 der erste Vorsitzende des neu gegr\u00fcndeten Vereins \u2013 ein \u00fcberaus aktiver und geselliger Mitb\u00fcrger war, kann nicht nur aus den anderen ehrenamtlichen \u00c4mtern geschlossen werden, die er innehatte. So darf wohl vermutet werden, dass es ihn \u2013 und nicht nur ihn \u2013 mehr als nachdenklich gestimmt haben muss, dass viele der umliegenden Weiler einen Gesangverein hatten, nur nicht Neckarwimmersbach.<\/p>\n<p style=\"text-align: justify;\">Das Jahr 1888 war ein typisches Gr\u00fcnderjahr in der deutschen Geschichte und der starke Zukunftsglauben, der mit einer Gr\u00fcndung ja immer ein her geht, mag wohl ein weiterer Beweggrund gewesen sein. Ein dritter, sicherlich m\u00e4chtiger Faktor war die Stellung, die T\u00e4tigkeit und der Einfluss des Lehrers in dem Weiler. So darf angenommen werden, dass es ihm nicht nur wesentlich zu verdanken ist, dass gegr\u00fcndet wurde, sondern auch, dass der Nachwuchs immer gleich aus der Schule in den Chor \u00fcbernommen wurde. Wie m\u00fcndlich \u00fcberliefert, fand am 1. Mai 1888 die Vereinsgr\u00fcndung der Concordia statt. Leider ist kein Gr\u00fcndungsdokument vorhanden, so dass nur berichtet werden kann, wonach es damals schon 32 aktive S\u00e4nger waren.<br \/>\nDer erste Vorsitzende wurde Karl Salzmann. Karl Sessler \u00fcbernahm die musikalische Leitung des Chores. Danach \u00fcbernahm von 1889 bis 1893 Karl Granget, der Lehrer an der hiesigen Schule in Neckarwimmersbach war, den Chor. Nach vierj\u00e4hriger T\u00e4tigkeit wurde Granget nach Singen bei Pforzheim versetzt. Hauptlehrer Julius Hauck \u00fcbernahm den Chor nun musikalisch. Julius Hauck f\u00fchrte den Verein auch beim Wettsingen zum Erfolg. So wird in der Eberbacher Zeitung am 16. Juni 1893 berichtet, dass der MGV Concordia bei einem S\u00e4ngerfest in Mudau den ersten Preis errungen habe.<\/p>\n<p style=\"text-align: justify;\">1904 \u00fcbergab Ludwig Schn\u00e4tz seine Funktion als erster Vorstand an Ferdinand Brenneis, der dieses Amt bis 1914 aus\u00fcbte. Mit Ausbruch des ersten Weltkrieges kam die Vereinst\u00e4tigkeit zum erliegen. Nach dem ersten Weltkrieg findet sich der Verein wieder zusammen, wobei Lehrer Karl Benz nun die musikalische Leitung des Vereins \u00fcbernimmt und Wilhelm Link erster Vorstand wird. Im Jahr 1929 kam die Vereinst\u00e4tigkeit durch die herrschende politische Unsicherheit, unter den Mitgliedern des Vereins, erneut zum erliegen. Auch in der Zeit des Dritten Reiches gab es keine Vereinst\u00e4tigkeiten.<\/p>\n<p style=\"text-align: justify;\">Im September 1950 waren 11 S\u00e4nger die sich zusammenfanden um den Verein wieder aufzurichten. Den Vorsitz \u00fcbernahm bis 1952 Karl Hagedorn, Chorleiter wurde Gustav Eckert. Gesundheitshalber \u00fcbergab Karl Hagedorn die Vereinsf\u00fchrung 1952 in die H\u00e4nde von Hans Och. Ihm gelang es Oberlehrer Wilhelm Hofmann als Chorleiter zu verpflichten. Mit ihm hatte der Verein gro\u00dfe Erfolge. Man besuchte Wertungssingen, S\u00e4ngerfeste, Konzerte usw.<\/p>\n<p style=\"text-align: justify;\">1953 wurde das \u201eWaldfest am Kirchel\u201c ins Vereinsleben gerufen. Die S\u00e4nger und ihre Familien trafen sich hier zu einem gem\u00fctlichen Grillnachmittag. Dieses Ereignis hat bis heute eine gro\u00dfe Bedeutung f\u00fcr den Verein.<\/p>\n<p style=\"text-align: justify;\">1954 \u00fcbernahm den Vorsitz des Vereins Wilhelm H\u00e4ffner. Unter seiner Regie kam ein besonderer H\u00f6hepunkt im Vereinsleben. Man konnte 1955 das Fest der Fahnenweihe begehen.<\/p>\n<p style=\"text-align: justify;\">1956 wurde Gustav Eckert erster Vorsitzender, Herr H\u00e4ffner war gesundheitlich angeschlagen. Nach einem Jahr Pause \u00fcbernahm H\u00e4fner aber wieder das Amt des Vorsitzenden, dass er bis 1961 innehatte.<\/p>\n<p style=\"text-align: justify;\">Die vereinigten M\u00e4nnerch\u00f6re \u2013 MGV Concordia, MGV Igelsbach und der BBC-Chor Werk Eberbach, veranstalteten im Jahre 1957 ein Volksliederkonzert in der Stadthalle Eberbach. Dirigent war Wilhelm Hofmann.<\/p>\n<p style=\"text-align: justify;\">Am 16. September 1959 \u2013 Sommerkonzert in der Stadthalle Eberbach mit den drei Ch\u00f6ren MGV Liederkranz, MGV Igelsbach und MGV Concordia Neckarwimmersbach.<\/p>\n<p style=\"text-align: justify;\">Im Juli 1960 war wieder ein Sommerkonzert in der Stadthalle Eberbach mit den vereinigten M\u00e4nnerch\u00f6ren Eberbach. Unter dem Motto \u201eIm Wald und auf der Heide\u201c fand im Oktober nochmals ein Konzert mit den obigen M\u00e4nnerch\u00f6ren statt.<\/p>\n<p style=\"text-align: justify;\">1961 wurde Heinrich Beisel zum ersten Vorstand des Vereins gew\u00e4hlt.<\/p>\n<p style=\"text-align: justify;\">1963 feierte der Verein mit einem 3-t\u00e4gigen Festprogramm in Neckarwimmersbach sein 75j\u00e4hriges Bestehen.<\/p>\n<p style=\"text-align: justify;\">Ein weiteres Sommerkonzert fand im Juli des Jahre 1964 in der Stadthalle Eberbach statt.<\/p>\n<p style=\"text-align: justify;\">Ein Promenadenkonzert unter der Leitung von Wilhelm Hofmann und mit dem MGV Igelsbach und MGV Concordia war im August 1965.<\/p>\n<p style=\"text-align: justify;\">Im Mai 1966 veranstalteten die vereinigten M\u00e4nnerch\u00f6re ein Volksliederkonzert in der Stadthalle Eberbach.<\/p>\n<p style=\"text-align: justify;\">Konzert im August 1967 \u2013 vereinigte M\u00e4nnerch\u00f6re Eberbach.<\/p>\n<p style=\"text-align: justify;\">Im Jahre 1968 besuchte man das Deutsche S\u00e4ngerbundfest in Stuttgart. Ebenso feierte der Verein in diesem Jahr sein 80j\u00e4hriges Jubil\u00e4um.<\/p>\n<p style=\"text-align: justify;\">Ein M\u00e4nnerchorkonzert fand im Mai 1969 in der Stadthalle Eberbach statt. Mitwirkende waren MGV Concordia, MGV Liederkranz, MGV Igelsbach und MGV Sch\u00f6llenbach. Leitung Wilhelm Hofmann.<\/p>\n<p style=\"text-align: justify;\">August 1970 \u2013 Konzert der Eberbacher Chorgemeinschaft.<\/p>\n<p style=\"text-align: justify;\">Ein gut besuchtes Sommerkonzert im August 1971 der Eberbacher Chorgemeinschaft.<\/p>\n<p style=\"text-align: justify;\">Bei einem Ausflug im Jahre 1972 nach Erpfendorf\/\u00d6sterreich, entstand die Idee, zum Bau einer Blockh\u00fctte. Als Vorbild sollte ein Blockhaus sein, dass man auf dieser Reise entdeckte. Unvermittelt sagte einer der S\u00e4nger: \u201eSo eine Blockh\u00fctte m\u00fcssten wir auch in Neckarwimmersbach haben!\u201c Damit war die Idee geboren \u2013 f\u00fcr die Concordia H\u00fctte. Kaum zu Hause angekommen, wurden div. Baupl\u00e4tze besichtigt, ein Plan wurde angefertigt und der damalige B\u00fcrgermeister der Stadt Eberbach, Herr Dr. Schmei\u00dfer, stand dem Vorhaben sofort sehr offen gegen\u00fcber. Die H\u00fctte sollte eigentlich nur als Schutzh\u00fctte f\u00fcr Wanderer dienen. Dank der flei\u00dfigen Arbeit der S\u00e4nger und freiwilligen Spendern war das Unternehmen nicht mit einem hohen Risiko verbunden. Dies umso mehr, als durch freiwilligen Einsatz von Mitgliedern und Sponsoren des Vereins das Vorhaben in voller Eigenarbeit verwirklicht werden konnte. Am 30.12.1972 erfolgt dann der Startschuss. Der Bau war ein Kraftakt, bei dem die S\u00e4nger und Freunde des Vereins dazu beigetragen haben, dass am 14.06.1974 nach \u00fcber 5000 Arbeitsstunden, die H\u00fctte mit einem feierlichen Festakt eingeweiht werden konnte.<\/p>\n<p style=\"text-align: justify;\">Sommerkonzert 1972 in der Stadthalle mit der Eberbacher Chorgemeinschaft.<\/p>\n<p style=\"text-align: justify;\">Herr Wilhelm Hofmann schied im Jahr 1975 als Chorleiter aus dem Verein aus.<\/p>\n<p style=\"text-align: justify;\">F\u00fcr kurze Zeit \u00fcbernahm als Chorleiter G\u00fcnter Stephan den Chor.<\/p>\n<p style=\"text-align: justify;\">1976 vollzog sich dann ein neuer F\u00fchrungswechsel im Verein. Heinrich Beisel legte sein Amt als erster Vorsitzender nieder, er wurde zum Ehrenvorsitzenden ernannt, und es \u00fcbernahm Helmut Boch den Vorsitz.<\/p>\n<p style=\"text-align: justify;\">Neuer Chorleiter wurde Bezirkskantor G\u00fcnter Schott.<\/p>\n<p style=\"text-align: justify;\">Ein besonderes Ereignis f\u00fcr den Verein war im Jahr 1977 die 750 Jahr Feier der Stadt Eberbach. Der Chor nahm an dieser Feier teil und baute ein Treidelschiff, dass von den S\u00e4ngern beim Festumzug durch die Stadt gezogen wurde.<\/p>\n<p style=\"text-align: justify;\">Des weiteren fand ein \u00f6ffentliches Volksliedersingen unter der Leitung von&nbsp; G\u00fcnter Schott in der Stadthalle statt.<\/p>\n<p style=\"text-align: justify;\">1978 wollte man im kleinen Rahmen anl\u00e4sslich des 90j\u00e4hrigen Vereinsjubil\u00e4ums ein Festkonzert in der Stadthalle unter der Leitung von Herrn Schott geben. Leider musste dieses Konzert wegen Hochwassers abgesagt werden, wurde dann im Januar 1979 nachgeholt.<\/p>\n<p style=\"text-align: justify;\">Bei der Weihnachtsfeier im Jahr 1978 stellte sich die S\u00e4ngerschar erstmalig mit ihren einheitlichen Anz\u00fcgen der \u00d6ffentlichkeit vor.<\/p>\n<p style=\"text-align: justify;\">Im Jahr 1980 dann der Schock f\u00fcr alle die mit dem Verein und seiner Concordia H\u00fctte verbunden waren. In der Nacht vom 2. auf den 3. Oktober brannte die H\u00fctte total nieder. Die S\u00e4nger verloren aber nicht den Mut und bauten mit einer ja schon eingespielten Mannschaft unter Leitung des neuen ersten Vorsitzenden Helmut Boch die H\u00fctte wieder auf. So konnte nach zweij\u00e4hrigem Aufbau in Eigenleistung am 22.Oktober 1982 die H\u00fctte wiederum ihrer Bestimmung \u00fcbergeben werden.<br \/>\nHeute k\u00f6nnen die Neckarwimmersbacher S\u00e4nger mit Stolz behaupten, dass sie eine der sch\u00f6nsten Blockh\u00fctten weit und breit haben. Die H\u00fctte kann gemietet werden f\u00fcr div. Feierlichkeiten, au\u00dferdem finden die w\u00f6chentlichen Singstunden des Chores darin statt, sowie die vereinsinternen Feiern.<\/p>\n<p style=\"text-align: justify;\">Chor und Orchesterkonzert unter der Leitung von G\u00fcnter Schott anl\u00e4sslich des Eberbacher Fr\u00fchlings am 15. Mai 1983 im gro\u00dfen Saal in der Stadthalle.<\/p>\n<p style=\"text-align: justify;\">Ein gro\u00dfes Erlebnis war im Juni\/Juli 1985 und im Jahr 1991 die Teilnahme an der Oper \u201eDer Trompeter von S\u00e4ckingen\u201c. Gesungen wurde bei den Schlossfestspielen in Zwingenberg, sowie in Bad S\u00e4ckingen.<\/p>\n<p style=\"text-align: justify;\">Im Jahre 1986 nahm der Chor an den Kurpf\u00e4lzer Chortagen in Eberbach teil.<\/p>\n<p style=\"text-align: justify;\">Im Jahre 1988 dann das gro\u00dfe 100j\u00e4hrige Jubil\u00e4um. Es besuchten 1200 S\u00e4nger den Verein. Eine Ehrenurkunde wurde vom Bad. S\u00e4ngerbund \u00fcberreicht.<\/p>\n<p style=\"text-align: justify;\">Beim Hafenkonzert des SDR im Jahre 1989 wirkte der Chor ebenfalls mit. Diese Veranstaltung fand in der Stadthalle statt.<\/p>\n<p style=\"text-align: justify;\">1991 wurde zum zweiten Mal der \u201eTrompeter von S\u00e4ckingen\u201c aufgef\u00fchrt, und zwar in Bad S\u00e4ckingen und in Ettlingen.<\/p>\n<p style=\"text-align: justify;\">Im Jahre 1992 wechselte der Dirigentenstab von G\u00fcnter Schott zu Bernhard Hauck. Mit diesem veranstaltete der MGV am 22. August 1992 ein gemeinsames Konzert mit den Chor Salto Vocale Neckarelz und dem Kurpf\u00e4lzischen Blechbl\u00e4serensemble. Titel dieses Konzertes war \u201eHits aus vier Jahrhunderten\u201c.<\/p>\n<p style=\"text-align: justify;\">Am 20. M\u00e4rz 1993 \u2013 Teilnahme an den 6. Kurpf\u00e4lzer Chortagen \u2013 Stadthalle Heidelberg. Im gleichen Jahr am 23. Mai \u2013 Teilnahme beim Konzert \u201eWald und J\u00e4gerei\u201c \u2013 Stadthalle Eberbach. Des Weiteren ein Kurkonzert am 11. Juni in der Stadthalle Eberbach, unter Mitwirkung des Liederkranz 1890 Metzholz, sowie der Chor der Realschule Eberbach. Alle drei Konzerte waren unter Leitung von Bernhard Hauck.<\/p>\n<p style=\"text-align: justify;\">Im Jahre 1994 \u00fcbernahm der jetzige Chorleiter Tobias Soldner den Verein.<\/p>\n<p style=\"text-align: justify;\">Ein Auftritt bei den Eberbacher Serenaden war im Jahre 1995, mit dem Chor aus Rockenau.<\/p>\n<p style=\"text-align: justify;\">Auch bei der Landesgartenschau die in Mosbach 1997 stattfand, trat der Chor mit einigen Liedern auf.<\/p>\n<p style=\"text-align: justify;\">Im M\u00e4rz 1998 wurde Eduard Kopca als erster Vorsitzender gew\u00e4hlt. Helmut Boch legte nach 22 Jahren sein Amt als Vorstand nieder und f\u00fchrte ab diesem Zeitpunkt das Amt des Kassiers.<\/p>\n<p style=\"text-align: justify;\">Im gleichen Jahr nahm der an den Kurpf\u00e4lzer Chortagen teil, auch in diesem Jahr hat der Verein sein 110j\u00e4hriges Jubil\u00e4um rund um die Concordia H\u00fctte gefeiert.<\/p>\n<p style=\"text-align: justify;\">Teilnahme beim Chor und instrumental Konzert November 1999 in der Kath. Kirche St. Nepomuk.<\/p>\n<p style=\"text-align: justify;\">2001 hatte der Verein einen Auftritt beim St\u00e4dtepartnerschaftsjubil\u00e4um von Eberbach \u2013 Thonon.<\/p>\n<p style=\"text-align: justify;\">Teilnahme im Jahre 2002 f\u00fcr die Feier zum 775j\u00e4rigen Jubil\u00e4um der Stadt Eberbach mit Liedvortr\u00e4gen auf der Burg Eberbach.<\/p>\n<p style=\"text-align: justify;\">Der MGV Concordia bekommt im Juli 2002 seine eigene Homepage.<\/p>\n<p style=\"text-align: justify;\">Im Juli des gleichen Jahres, wechselte der Verein sein Probenlokal. Nach \u00fcber 50 Jahren, letzte Singstunde im S\u00e4ngerlokal \u201eZur Stadt Eberbach\u201c. Danach Umzug in die vereinseigene Concordia H\u00fctte.<\/p>\n<p style=\"text-align: justify;\">Im Februar 2003 verstarb der Ehrenvorsitzende und Vizedirigent Helmut Boch. Er war \u00fcber 22 Jahre 1. Vorsitzender des Vereins.<\/p>\n<p style=\"text-align: justify;\">Im Juli fand die 1. Neckarwimmersbacher Oldie Party in der Concordia H\u00fctte statt.<\/p>\n<p style=\"text-align: justify;\">Auftritt bei der Lebenshilfe Eberbach anl\u00e4sslich ihres 40 j\u00e4hrigen Jubil\u00e4ums, hierzu sei erw\u00e4hnt, da\u00df der Chor jedes Jahr bei&nbsp; der Weihnachtsfeier der Lebenshilfe auftritt.<\/p>\n<p style=\"text-align: justify;\">Der Ehrenchorleiter G\u00fcnter Schott verstarb im Dezember 2003. Er dirigierte den Verein \u00fcber 16 Jahre.<\/p>\n<p style=\"text-align: justify;\">Im Jahre 2004 &#8211; Auftritt bei den Kurpf\u00e4lzer Chortagen in Str\u00fcmpfelbrunn.<\/p>\n<p style=\"text-align: justify;\">Im Dezember 2006 beteiligte sich der MGV Concordia mit Verkaufsstand und Liedvortr\u00e4gen am Eberbacher Weihnachtsmarkt.<\/p>\n<p style=\"text-align: justify;\">Das Waldfest, dass seit 1953 immer an Christi Himmelfahrt am Kirchel abgehalten wurde, fand erstmalig im Jahre 2007 an der Concordia H\u00fctte statt.<br \/>\nLeider ist der Arbeits- und finanzielle Aufwand immer gr\u00f6\u00dfer geworden, sodass man sich entschloss, diese Veranstaltung an das Vereinsheim, die Concordia H\u00fctte zu verlegen.<\/p>\n<p style=\"text-align: justify;\">Im August 2008 verstarb unser Ehrenvorsitzender und Ehrenmitglied Heinrich Beisel.<\/p>\n<p style=\"text-align: justify;\">Im November besuchte uns SWR 4 Kurpfalzradio mit der Livesendung \u201eDaheim im Verein\u201c in der Concordia H\u00fctte.<\/p>\n<p style=\"text-align: justify;\">Das Sommerkonzert mit den gem. Ch\u00f6ren Allem\u00fchl und Lindach fand im Juli 2009 in Eberbach und Allem\u00fchl statt.<\/p>\n<p style=\"text-align: justify;\">Im gleichen Jahr verstarb im August unser Ehrenmitglied Hans Neureuter.<\/p>\n<p style=\"text-align: justify;\">Im September 2009 unternahm der Chor einen 3t\u00e4gigen S\u00e4ngerausflug nach Augsburg, zu dem MGV Liederkranz T\u00e4fertingen. Hier fand ein gemeinsames Konzert statt.<\/p>\n<p style=\"text-align: justify;\">Gerhard Laritz \u00fcbernahm im Dezember 2009 kommesarisch das Amt des ersten Vorsitzenden. Eduard Kopca, legte sein Amt nach 11,5 Jahren nieder.<br \/>\nGerhard Laritz wurde dann im M\u00e4rz 2010 in einer Mitgliederversammlung zum neuen Vorsitzenden gew\u00e4hlt, den zweiten Vorsitz \u00fcbernahm Karlheinz Dir.<\/p>\n<p style=\"text-align: justify;\">Am 6. Juni 2010 besuchte der MGV Concordia gemeinsam mit den Gem. Ch\u00f6ren Allem\u00fchl und Lindach das 60. j\u00e4hrige Jubil\u00e4um des MGV Igelsbach.<\/p>\n<p style=\"text-align: justify;\">Am 24. Juni 2011 ein gemeinsamer Auftritt mit dem gemischten Chor Lindach, anl\u00e4sslich des 100j\u00e4hrigen Jubil\u00e4ums des VfB Eberbach. Zu einem Auftritt bei der RNF Sommertour traf man sich am 28. Juni 2011 zusammen mit den Eberbacher Ch\u00f6ren auf dem Leopoldsplatz in Eberbach. Am 21. Oktober 2011 &#8211; Auftritt beim 90j\u00e4hrigen Jubil\u00e4um des gemischten Chores aus Lindach im ev. Gemeinehaus Eberbach.<\/p>\n<p style=\"text-align: justify;\">Ab Januar 2012 unterh\u00e4lt der MGV Concordia eine Chorgemeinschaft mit dem MGV S\u00e4ngerlust Rockenau. Der Grund hierf\u00fcr ist, in beiden Ch\u00f6ren sind die einzelnen Stimmen nicht mehr gut besetzt. Am 30. April 2012 war der erste gemeinsame Auftritt \u201eSingen in den Mai\u201c in Rockenau und am 29. Juni 2012 ein weiterer gemeinsamer Auftritt anl\u00e4sslich des 100j\u00e4hrigen Jubil\u00e4ums der MGV S\u00e4ngerlust Rockenau.<\/p>\n<p style=\"text-align: justify;\">Unter der Schirmherrschaft von B\u00fcrgermeister Peter Reichert feierte am 12. Oktober 2013 der MGV Concordia sein 125j\u00e4hriges Jubil\u00e4um. Aus diesem Anlass fand in der Stadthalle Eberbach ein gro\u00dfes Jubil\u00e4umskonzert, gemeinsam mit dem MGV S\u00e4ngerlust Rockenau und dem gemischten Chor Lindach, statt. Chorleiter Tobias Soldner, der alle drei Ch\u00f6re betreut, f\u00fchrte durch das Abendprogramm.<\/p>\n<p style=\"text-align: justify;\">Zum Ausklang des Apfeltages am 19. Oktober 2014 veranstaltete die Chorgemeinschaft MGV Concordia Neckarwimmersbach, MGV S\u00e4ngerlust Rockenau und der Gemischte Chor Lindach ein Herbstkonzert in der evangelischen Michaelskirche Eberbach. Die Gesamtleitung hatte Tobias Soldner, am Klavier wurden die Ch\u00f6re von Frau Annette Weithoff begleitet.<\/p>\n<p>Auch in den Jahren 2015 und 2016 veranstalteten die Chorgemeinschaft MGV Concordia NW und MGV S\u00e4ngerlust Rockenau und der gemischte Chor Lindach ein Herbstkonzert zum Abschluss des Apfeltages in der ev. Michaelskirche Eberbach. Die Gesamtleitung hatte Tobias Soldner, am Klavier wurden die Ch\u00f6re von Minae Lenz-Kim begleitet.<\/p>\n<p>Nach \u00fcber 20 Jahren legte der Chorleiter Tobias Soldner Ende 2016 den Dirigentenstab nieder.<\/p>\n<p>Neuer Chorleiter der Chorgemeinschaft wurde ab 03.04.2017 Jun Won Lee.<\/p>\n<p style=\"text-align: justify;\">Die Feierlichkeiten des Vereins werden alle in der Concordia H\u00fctte durchgef\u00fchrt, so haben wir immer eine gro\u00dfe Faschingsparty mit Akteuren vom Verein. Immer an Christi Himmelfahrt ist unser traditionelles Waldfest in und um die Concordia H\u00fctte. In der besinnlichen Adventszeit besucht uns der Nikolaus, ein Adventskaffee wird von den S\u00e4ngerfrauen organisiert, ebenso veranstalten wir unsere Weihnachtsfeier. Au\u00dfer diesen Aktivit\u00e4ten kommen noch die Auftritte des Chores zu div. Anl\u00e4ssen dazu.<\/p>\n<div>Nach achteinhalben Jahren als 1. Vorstand legte Gerhard Laritz&nbsp;in der Mitgliederversammlung 2018 sein Amt nieder. Dieses \u00fcbernahm Karlheinz Dir,&nbsp;der in der Versammlung gew\u00e4hlt wurde. Das Amt als 2. Vorsitzender \u00fcbernahm&nbsp;Eduard Kopca.<\/div>\n","protected":false},"excerpt":{"rendered":"<p>Aus der Chronik des M\u00e4nnergesangvereins \u201eConcordia\u201c 1888 Neckarwimmersbach Welches der Anlass war, dass im Jahr 1888 in einem Weiler am Neckar \u2013 genau gegen\u00fcber der Stadt Eberbach \u2013 ein M\u00e4nnergesangverein gegr\u00fcndet wurde, kann nicht erz\u00e4hlt werden, denn die \u00dcberlieferungen sind leider nicht mehr vorhanden. Dass Karl Salzmann \u2013 der erste Vorsitzende des neu gegr\u00fcndeten Vereins [&hellip;]<\/p>\n","protected":false},"author":1,"featured_media":0,"parent":0,"menu_order":4,"comment_status":"closed","ping_status":"open","template":"","meta":{"ngg_post_thumbnail":0,"footnotes":""},"class_list":["post-109","page","type-page","status-publish","hentry"],"blocksy_meta":[],"_links":{"self":[{"href":"https:\/\/www.mgv-concordia-nw.de\/index.php?rest_route=\/wp\/v2\/pages\/109","targetHints":{"allow":["GET"]}}],"collection":[{"href":"https:\/\/www.mgv-concordia-nw.de\/index.php?rest_route=\/wp\/v2\/pages"}],"about":[{"href":"https:\/\/www.mgv-concordia-nw.de\/index.php?rest_route=\/wp\/v2\/types\/page"}],"author":[{"embeddable":true,"href":"https:\/\/www.mgv-concordia-nw.de\/index.php?rest_route=\/wp\/v2\/users\/1"}],"replies":[{"embeddable":true,"href":"https:\/\/www.mgv-concordia-nw.de\/index.php?rest_route=%2Fwp%2Fv2%2Fcomments&post=109"}],"version-history":[{"count":17,"href":"https:\/\/www.mgv-concordia-nw.de\/index.php?rest_route=\/wp\/v2\/pages\/109\/revisions"}],"predecessor-version":[{"id":1486,"href":"https:\/\/www.mgv-concordia-nw.de\/index.php?rest_route=\/wp\/v2\/pages\/109\/revisions\/1486"}],"wp:attachment":[{"href":"https:\/\/www.mgv-concordia-nw.de\/index.php?rest_route=%2Fwp%2Fv2%2Fmedia&parent=109"}],"curies":[{"name":"wp","href":"https:\/\/api.w.org\/{rel}","templated":true}]}}