{"id":104,"date":"2010-12-01T16:12:24","date_gmt":"2010-12-01T16:12:24","guid":{"rendered":"http:\/\/www.mgv-concordia-nw.de\/wordpress\/"},"modified":"2018-04-07T14:32:37","modified_gmt":"2018-04-07T14:32:37","slug":"impressum-2","status":"publish","type":"page","link":"https:\/\/www.mgv-concordia-nw.de\/?page_id=104","title":{"rendered":"Kontakt"},"content":{"rendered":"<h3>M\u00e4nnergesangsverein Concordia Eberbach-Neckarwimmersbach 1888 e.V.<\/h3>\n<p style=\"padding-left: 30px;\"><strong>1. Vorsitzender<\/strong><br \/>\nKarlheinz Dir<br \/>\nFriedrich-Ebert-Stra\u00dfe 22<br \/>\n69412 Eberbach<br \/>\nTel. 06271-1876<br \/>\n<a href=\"mailto:vorstand@mgv-concordia-nw.de\">vorstand@mgv-concordia-nw.de<\/a><\/p>\n<p style=\"padding-left: 30px;\"><strong>2. Vorsitzender<\/strong><br \/>\nEduard Kopka<br \/>\nTannenhalde 4<br \/>\n69412 Eberbach<br \/>\nTel. 06271-2844<\/p>\n<p style=\"padding-left: 30px;\"><em>F\u00fcr Anfragen zu Terminen Ihrer Feierlichkeiten in unserem Vereinsheim, der Concordia-H\u00fctte am Bocksberg in Neckarwimmersbach, steht Ihnen unser H\u00fcttenwart gerne zur Verf\u00fcgung.<\/em><\/p>\n<p style=\"padding-left: 30px;\"><strong>H\u00fcttenwart<\/strong><br \/>\nJosef Rumbach<br \/>\nSchwanheimer Stra\u00dfe 80a<br \/>\n69412 Eberbach<br \/>\nTel. 06271-4115<br \/>\n<a href=\"mailto:kontakt@mgv-concordia-nw.de\">kontakt@mgv-concordia-nw.de<\/a><\/p>\n","protected":false},"excerpt":{"rendered":"<p>M\u00e4nnergesangsverein Concordia Eberbach-Neckarwimmersbach 1888 e.V. 1. Vorsitzender Karlheinz Dir Friedrich-Ebert-Stra\u00dfe 22 69412 Eberbach Tel. 06271-1876 vorstand@mgv-concordia-nw.de 2. Vorsitzender Eduard Kopka Tannenhalde 4 69412 Eberbach Tel. 06271-2844 F\u00fcr Anfragen zu Terminen Ihrer Feierlichkeiten in unserem Vereinsheim, der Concordia-H\u00fctte am Bocksberg in Neckarwimmersbach, steht Ihnen unser H\u00fcttenwart gerne zur Verf\u00fcgung. H\u00fcttenwart Josef Rumbach Schwanheimer Stra\u00dfe 80a 69412 [&hellip;]<\/p>\n","protected":false},"author":1,"featured_media":0,"parent":0,"menu_order":10,"comment_status":"closed","ping_status":"open","template":"","meta":{"ngg_post_thumbnail":0,"footnotes":""},"class_list":["post-104","page","type-page","status-publish","hentry"],"blocksy_meta":[],"_links":{"self":[{"href":"https:\/\/www.mgv-concordia-nw.de\/index.php?rest_route=\/wp\/v2\/pages\/104","targetHints":{"allow":["GET"]}}],"collection":[{"href":"https:\/\/www.mgv-concordia-nw.de\/index.php?rest_route=\/wp\/v2\/pages"}],"about":[{"href":"https:\/\/www.mgv-concordia-nw.de\/index.php?rest_route=\/wp\/v2\/types\/page"}],"author":[{"embeddable":true,"href":"https:\/\/www.mgv-concordia-nw.de\/index.php?rest_route=\/wp\/v2\/users\/1"}],"replies":[{"embeddable":true,"href":"https:\/\/www.mgv-concordia-nw.de\/index.php?rest_route=%2Fwp%2Fv2%2Fcomments&post=104"}],"version-history":[{"count":19,"href":"https:\/\/www.mgv-concordia-nw.de\/index.php?rest_route=\/wp\/v2\/pages\/104\/revisions"}],"predecessor-version":[{"id":1453,"href":"https:\/\/www.mgv-concordia-nw.de\/index.php?rest_route=\/wp\/v2\/pages\/104\/revisions\/1453"}],"wp:attachment":[{"href":"https:\/\/www.mgv-concordia-nw.de\/index.php?rest_route=%2Fwp%2Fv2%2Fmedia&parent=104"}],"curies":[{"name":"wp","href":"https:\/\/api.w.org\/{rel}","templated":true}]}}